{"id":226,"date":"2023-05-31T08:37:58","date_gmt":"2023-05-31T06:37:58","guid":{"rendered":"https:\/\/brasserie-dufour.fr\/mentions-legales-anglais\/"},"modified":"2023-09-29T10:19:21","modified_gmt":"2023-09-29T08:19:21","slug":"legal-information","status":"publish","type":"page","link":"https:\/\/brasserie-dufour.fr\/en\/legal-information\/","title":{"rendered":"Terms of use"},"content":{"rendered":"<div id=\"cs-content\" class=\"cs-content\"><\/div>\n","protected":false},"excerpt":{"rendered":"<p>Terms of use Data Protection Act In accordance with the provisions of articles 6-III and 19 of Law no. 2004-575 of June 21, 2004 for Confidence in the Digital Economy, known as L.C.E.N., we inform users and visitors of the site: https: \/\/brasserie-dufour.fr of the following information: Responsible for publication The https:\/\/brasserie-dufour.fr website is the exclusive property of Brasserie Dufour, &#8230; <\/p>\n<div><a href=\"https:\/\/brasserie-dufour.fr\/en\/legal-information\/\" class=\"more-link\">Read More<\/a><\/div>\n","protected":false},"author":1,"featured_media":0,"parent":0,"menu_order":0,"comment_status":"closed","ping_status":"closed","template":"template-blank-4.php","meta":{"footnotes":""},"class_list":["post-226","page","type-page","status-publish","hentry","no-post-thumbnail"],"yoast_head":"<!-- This site is optimized with the Yoast SEO plugin v26.9 - https:\/\/yoast.com\/product\/yoast-seo-wordpress\/ -->\n<title>Legal information about Brasserie Dufour in Lille<\/title>\n<meta name=\"description\" content=\"La Brasserie Dufour propose une cuisine fran\u00e7aise entre tradition et modernit\u00e9. L\u2019un des meilleurs restaurants \u00e0 d\u00e9couvrir \u00e0 Lille.\" \/>\n<meta name=\"robots\" content=\"index, follow, max-snippet:-1, max-image-preview:large, max-video-preview:-1\" \/>\n<link rel=\"canonical\" href=\"https:\/\/brasserie-dufour.fr\/en\/legal-information\/\" \/>\n<meta property=\"og:locale\" content=\"en_US\" \/>\n<meta property=\"og:type\" content=\"article\" \/>\n<meta property=\"og:title\" content=\"Legal information about Brasserie Dufour in Lille\" \/>\n<meta property=\"og:description\" content=\"La Brasserie Dufour propose une cuisine fran\u00e7aise entre tradition et modernit\u00e9. L\u2019un des meilleurs restaurants \u00e0 d\u00e9couvrir \u00e0 Lille.\" \/>\n<meta property=\"og:url\" content=\"https:\/\/brasserie-dufour.fr\/en\/legal-information\/\" \/>\n<meta property=\"og:site_name\" content=\"Brasserie Dufour\" \/>\n<meta property=\"article:publisher\" content=\"https:\/\/www.facebook.com\/BrasserieDufour\/\" \/>\n<meta property=\"article:modified_time\" content=\"2023-09-29T08:19:21+00:00\" \/>\n<meta name=\"twitter:card\" content=\"summary_large_image\" \/>\n<meta name=\"twitter:label1\" content=\"Est. reading time\" \/>\n\t<meta name=\"twitter:data1\" content=\"1 minute\" \/>\n<script type=\"application\/ld+json\" class=\"yoast-schema-graph\">{\"@context\":\"https:\/\/schema.org\",\"@graph\":[{\"@type\":\"WebPage\",\"@id\":\"https:\/\/brasserie-dufour.fr\/en\/legal-information\/\",\"url\":\"https:\/\/brasserie-dufour.fr\/en\/legal-information\/\",\"name\":\"Legal information about Brasserie Dufour in Lille\",\"isPartOf\":{\"@id\":\"https:\/\/brasserie-dufour.fr\/en\/#website\"},\"datePublished\":\"2023-05-31T06:37:58+00:00\",\"dateModified\":\"2023-09-29T08:19:21+00:00\",\"description\":\"La Brasserie Dufour propose une cuisine fran\u00e7aise entre tradition et modernit\u00e9. L\u2019un des meilleurs restaurants \u00e0 d\u00e9couvrir \u00e0 Lille.\",\"breadcrumb\":{\"@id\":\"https:\/\/brasserie-dufour.fr\/en\/legal-information\/#breadcrumb\"},\"inLanguage\":\"en-US\",\"potentialAction\":[{\"@type\":\"ReadAction\",\"target\":[\"https:\/\/brasserie-dufour.fr\/en\/legal-information\/\"]}]},{\"@type\":\"BreadcrumbList\",\"@id\":\"https:\/\/brasserie-dufour.fr\/en\/legal-information\/#breadcrumb\",\"itemListElement\":[{\"@type\":\"ListItem\",\"position\":1,\"name\":\"Accueil\",\"item\":\"https:\/\/brasserie-dufour.fr\/en\/brasserie-dufour-in-lille-official-site-french-cuisine\/\"},{\"@type\":\"ListItem\",\"position\":2,\"name\":\"Terms of use\"}]},{\"@type\":\"WebSite\",\"@id\":\"https:\/\/brasserie-dufour.fr\/en\/#website\",\"url\":\"https:\/\/brasserie-dufour.fr\/en\/\",\"name\":\"Brasserie Dufour\",\"description\":\"\",\"publisher\":{\"@id\":\"https:\/\/brasserie-dufour.fr\/en\/#organization\"},\"potentialAction\":[{\"@type\":\"SearchAction\",\"target\":{\"@type\":\"EntryPoint\",\"urlTemplate\":\"https:\/\/brasserie-dufour.fr\/en\/?s={search_term_string}\"},\"query-input\":{\"@type\":\"PropertyValueSpecification\",\"valueRequired\":true,\"valueName\":\"search_term_string\"}}],\"inLanguage\":\"en-US\"},{\"@type\":\"Organization\",\"@id\":\"https:\/\/brasserie-dufour.fr\/en\/#organization\",\"name\":\"Brasserie Dufour\",\"url\":\"https:\/\/brasserie-dufour.fr\/en\/\",\"logo\":{\"@type\":\"ImageObject\",\"inLanguage\":\"en-US\",\"@id\":\"https:\/\/brasserie-dufour.fr\/en\/#\/schema\/logo\/image\/\",\"url\":\"https:\/\/brasserie-dufour.fr\/wp-content\/uploads\/2023\/09\/logo-brasserie-dufour-or.jpg\",\"contentUrl\":\"https:\/\/brasserie-dufour.fr\/wp-content\/uploads\/2023\/09\/logo-brasserie-dufour-or.jpg\",\"width\":825,\"height\":399,\"caption\":\"Brasserie Dufour\"},\"image\":{\"@id\":\"https:\/\/brasserie-dufour.fr\/en\/#\/schema\/logo\/image\/\"},\"sameAs\":[\"https:\/\/www.facebook.com\/BrasserieDufour\/\",\"https:\/\/www.instagram.com\/brasseriedufour\/\"]}]}<\/script>\n<!-- \/ Yoast SEO plugin. -->","yoast_head_json":{"title":"Legal information about Brasserie Dufour in Lille","description":"La Brasserie Dufour propose une cuisine fran\u00e7aise entre tradition et modernit\u00e9. L\u2019un des meilleurs restaurants \u00e0 d\u00e9couvrir \u00e0 Lille.","robots":{"index":"index","follow":"follow","max-snippet":"max-snippet:-1","max-image-preview":"max-image-preview:large","max-video-preview":"max-video-preview:-1"},"canonical":"https:\/\/brasserie-dufour.fr\/en\/legal-information\/","og_locale":"en_US","og_type":"article","og_title":"Legal information about Brasserie Dufour in Lille","og_description":"La Brasserie Dufour propose une cuisine fran\u00e7aise entre tradition et modernit\u00e9. L\u2019un des meilleurs restaurants \u00e0 d\u00e9couvrir \u00e0 Lille.","og_url":"https:\/\/brasserie-dufour.fr\/en\/legal-information\/","og_site_name":"Brasserie Dufour","article_publisher":"https:\/\/www.facebook.com\/BrasserieDufour\/","article_modified_time":"2023-09-29T08:19:21+00:00","twitter_card":"summary_large_image","twitter_misc":{"Est. reading time":"1 minute"},"schema":{"@context":"https:\/\/schema.org","@graph":[{"@type":"WebPage","@id":"https:\/\/brasserie-dufour.fr\/en\/legal-information\/","url":"https:\/\/brasserie-dufour.fr\/en\/legal-information\/","name":"Legal information about Brasserie Dufour in Lille","isPartOf":{"@id":"https:\/\/brasserie-dufour.fr\/en\/#website"},"datePublished":"2023-05-31T06:37:58+00:00","dateModified":"2023-09-29T08:19:21+00:00","description":"La Brasserie Dufour propose une cuisine fran\u00e7aise entre tradition et modernit\u00e9. L\u2019un des meilleurs restaurants \u00e0 d\u00e9couvrir \u00e0 Lille.","breadcrumb":{"@id":"https:\/\/brasserie-dufour.fr\/en\/legal-information\/#breadcrumb"},"inLanguage":"en-US","potentialAction":[{"@type":"ReadAction","target":["https:\/\/brasserie-dufour.fr\/en\/legal-information\/"]}]},{"@type":"BreadcrumbList","@id":"https:\/\/brasserie-dufour.fr\/en\/legal-information\/#breadcrumb","itemListElement":[{"@type":"ListItem","position":1,"name":"Accueil","item":"https:\/\/brasserie-dufour.fr\/en\/brasserie-dufour-in-lille-official-site-french-cuisine\/"},{"@type":"ListItem","position":2,"name":"Terms of use"}]},{"@type":"WebSite","@id":"https:\/\/brasserie-dufour.fr\/en\/#website","url":"https:\/\/brasserie-dufour.fr\/en\/","name":"Brasserie Dufour","description":"","publisher":{"@id":"https:\/\/brasserie-dufour.fr\/en\/#organization"},"potentialAction":[{"@type":"SearchAction","target":{"@type":"EntryPoint","urlTemplate":"https:\/\/brasserie-dufour.fr\/en\/?s={search_term_string}"},"query-input":{"@type":"PropertyValueSpecification","valueRequired":true,"valueName":"search_term_string"}}],"inLanguage":"en-US"},{"@type":"Organization","@id":"https:\/\/brasserie-dufour.fr\/en\/#organization","name":"Brasserie Dufour","url":"https:\/\/brasserie-dufour.fr\/en\/","logo":{"@type":"ImageObject","inLanguage":"en-US","@id":"https:\/\/brasserie-dufour.fr\/en\/#\/schema\/logo\/image\/","url":"https:\/\/brasserie-dufour.fr\/wp-content\/uploads\/2023\/09\/logo-brasserie-dufour-or.jpg","contentUrl":"https:\/\/brasserie-dufour.fr\/wp-content\/uploads\/2023\/09\/logo-brasserie-dufour-or.jpg","width":825,"height":399,"caption":"Brasserie Dufour"},"image":{"@id":"https:\/\/brasserie-dufour.fr\/en\/#\/schema\/logo\/image\/"},"sameAs":["https:\/\/www.facebook.com\/BrasserieDufour\/","https:\/\/www.instagram.com\/brasseriedufour\/"]}]}},"_links":{"self":[{"href":"https:\/\/brasserie-dufour.fr\/en\/wp-json\/wp\/v2\/pages\/226","targetHints":{"allow":["GET"]}}],"collection":[{"href":"https:\/\/brasserie-dufour.fr\/en\/wp-json\/wp\/v2\/pages"}],"about":[{"href":"https:\/\/brasserie-dufour.fr\/en\/wp-json\/wp\/v2\/types\/page"}],"author":[{"embeddable":true,"href":"https:\/\/brasserie-dufour.fr\/en\/wp-json\/wp\/v2\/users\/1"}],"replies":[{"embeddable":true,"href":"https:\/\/brasserie-dufour.fr\/en\/wp-json\/wp\/v2\/comments?post=226"}],"version-history":[{"count":14,"href":"https:\/\/brasserie-dufour.fr\/en\/wp-json\/wp\/v2\/pages\/226\/revisions"}],"predecessor-version":[{"id":717,"href":"https:\/\/brasserie-dufour.fr\/en\/wp-json\/wp\/v2\/pages\/226\/revisions\/717"}],"wp:attachment":[{"href":"https:\/\/brasserie-dufour.fr\/en\/wp-json\/wp\/v2\/media?parent=226"}],"curies":[{"name":"wp","href":"https:\/\/api.w.org\/{rel}","templated":true}]}}